{"id":1781,"date":"2023-05-03T12:56:40","date_gmt":"2023-05-03T15:56:40","guid":{"rendered":"https:\/\/decorodrones.com\/?page_id=1781"},"modified":"2023-05-12T09:58:50","modified_gmt":"2023-05-12T12:58:50","slug":"dispensas-anac","status":"publish","type":"page","link":"https:\/\/decorodrones.com\/index.php\/dispensas-anac\/","title":{"rendered":"Dispensas ANAC"},"content":{"rendered":"\t\t<div data-elementor-type=\"wp-page\" data-elementor-id=\"1781\" class=\"elementor elementor-1781\">\n\t\t\t\t\t\t<section class=\"elementor-section elementor-top-section elementor-element elementor-element-64582bf elementor-section-boxed elementor-section-height-default elementor-section-height-default\" data-id=\"64582bf\" data-element_type=\"section\" data-settings=\"{&quot;background_background&quot;:&quot;classic&quot;}\">\n\t\t\t\t\t\t<div class=\"elementor-container elementor-column-gap-default\">\n\t\t\t\t\t<div class=\"elementor-column elementor-col-100 elementor-top-column elementor-element elementor-element-7560aae\" data-id=\"7560aae\" data-element_type=\"column\">\n\t\t\t<div class=\"elementor-widget-wrap elementor-element-populated\">\n\t\t\t\t\t\t<div class=\"elementor-element elementor-element-6575873 elementor-widget elementor-widget-heading\" data-id=\"6575873\" data-element_type=\"widget\" data-widget_type=\"heading.default\">\n\t\t\t\t<div class=\"elementor-widget-container\">\n\t\t\t<style>\/*! elementor - v3.23.0 - 05-08-2024 *\/\n.elementor-heading-title{padding:0;margin:0;line-height:1}.elementor-widget-heading .elementor-heading-title[class*=elementor-size-]>a{color:inherit;font-size:inherit;line-height:inherit}.elementor-widget-heading .elementor-heading-title.elementor-size-small{font-size:15px}.elementor-widget-heading .elementor-heading-title.elementor-size-medium{font-size:19px}.elementor-widget-heading .elementor-heading-title.elementor-size-large{font-size:29px}.elementor-widget-heading .elementor-heading-title.elementor-size-xl{font-size:39px}.elementor-widget-heading .elementor-heading-title.elementor-size-xxl{font-size:59px}<\/style><h2 class=\"elementor-heading-title elementor-size-default\">DISPENSAS APROBADAS POR ANAC <\/h2>\t\t<\/div>\n\t\t\t\t<\/div>\n\t\t\t\t\t<\/div>\n\t\t<\/div>\n\t\t\t\t\t<\/div>\n\t\t<\/section>\n\t\t\t\t<section class=\"elementor-section elementor-top-section elementor-element elementor-element-27395ab elementor-section-boxed elementor-section-height-default elementor-section-height-default\" data-id=\"27395ab\" data-element_type=\"section\" data-settings=\"{&quot;background_background&quot;:&quot;classic&quot;}\">\n\t\t\t\t\t\t<div class=\"elementor-container elementor-column-gap-default\">\n\t\t\t\t\t<div class=\"elementor-column elementor-col-100 elementor-top-column elementor-element elementor-element-b333886\" data-id=\"b333886\" data-element_type=\"column\">\n\t\t\t<div class=\"elementor-widget-wrap elementor-element-populated\">\n\t\t\t\t\t\t<div class=\"elementor-element elementor-element-7dc89c3 elementor-widget__width-inherit elementor-widget elementor-widget-text-editor\" data-id=\"7dc89c3\" data-element_type=\"widget\" data-widget_type=\"text-editor.default\">\n\t\t\t\t<div class=\"elementor-widget-container\">\n\t\t\t<style>\/*! elementor - v3.23.0 - 05-08-2024 *\/\n.elementor-widget-text-editor.elementor-drop-cap-view-stacked .elementor-drop-cap{background-color:#69727d;color:#fff}.elementor-widget-text-editor.elementor-drop-cap-view-framed .elementor-drop-cap{color:#69727d;border:3px solid;background-color:transparent}.elementor-widget-text-editor:not(.elementor-drop-cap-view-default) .elementor-drop-cap{margin-top:8px}.elementor-widget-text-editor:not(.elementor-drop-cap-view-default) .elementor-drop-cap-letter{width:1em;height:1em}.elementor-widget-text-editor .elementor-drop-cap{float:left;text-align:center;line-height:1;font-size:50px}.elementor-widget-text-editor .elementor-drop-cap-letter{display:inline-block}<\/style>\t\t\t\t<p>Como explotador de VANT\u00b4s (Veh\u00edculos A\u00e9reos no Tripulados) estamos habilitados por la ANAC (Administraci\u00f3n Nacional de Aviaci\u00f3n Civil de la Rep\u00fablica Argentina) a realizar actividades de fotograf\u00eda, inspecci\u00f3n y vigilancia con fines comerciales en el territorio nacional.&nbsp;<span style=\"font-style: inherit; font-weight: inherit;\">En virtud de las capacidades del equipo, nuestro sistema de gesti\u00f3n de riesgos y procedimientos de operaci\u00f3n, estamos habilitados para realizar:<\/span><\/p>\n<p><span style=\"font-style: inherit; font-weight: inherit;\">1. Vuelos en todos los espacios a\u00e9reos: controlados y no controlados.<\/span><\/p>\n<p><span style=\"font-style: inherit; font-weight: inherit;\">2. Vuelos a m\u00e1s de 120 metros de altura, hasta la altura m\u00e1xima que puede alcanzar nuestro drone (6000 metros sobre el nivel del mar).<\/span><\/p>\n<p><span style=\"font-style: inherit; font-weight: inherit;\">3. Vuelos sobre zonas densamente pobladas o aglomeraci\u00f3n de personas.<\/span><\/p>\n<p><span style=\"font-style: inherit; font-weight: inherit;\">4. Vuelos nocturnos.<\/span><\/p>\n<p>Esta variedad de autorizaciones, nos permite operar LEGALMENTE en cualquier lugar y a cualquier horario.<\/p>\n<p><span style=\"font-style: inherit; font-weight: inherit;\">Una vez el cliente define el sitio y la altura de vuelo, evaluaremos la necesidad de tramitar un plan de vuelo ante EANA (Empresa Argentina de Navegaci\u00f3n A\u00e9rea), entidad que regula el tr\u00e1nsito a\u00e9reo en Argentina y que autorizar\u00e1 (o no) el vuelo, aconsejando restricciones en alturas y horarios seg\u00fan el caso particular.<\/span><\/p>\n<p><\/p>\n<p>Nuestra experiencia nos permite afirmar que la mayor\u00eda de las operaciones con drones son posibles de realizar legalmente, aplicando los procedimientos de mitigaci\u00f3n de riesgos necesarios.<\/p>\n<p><\/p>\n<p>OPERAMOS CON SEGURIDAD<\/p>\n<p><\/p>\n<p>DISPENSAS APROBADAS: D-1; D-2; D-3; D-4; D-5; D-7 y D-8. *<\/p>\n<p>* Correspondientes a los art\u00edculos 11, 12, 13 y 15 de las disposiciones 880 y 885\/ 2019 de ANAC.<\/p>\t\t\t\t\t\t<\/div>\n\t\t\t\t<\/div>\n\t\t\t\t<div class=\"elementor-element elementor-element-5ae6420 elementor-widget elementor-widget-image\" data-id=\"5ae6420\" data-element_type=\"widget\" data-widget_type=\"image.default\">\n\t\t\t\t<div class=\"elementor-widget-container\">\n\t\t\t<style>\/*! elementor - v3.23.0 - 05-08-2024 *\/\n.elementor-widget-image{text-align:center}.elementor-widget-image a{display:inline-block}.elementor-widget-image a img[src$=\".svg\"]{width:48px}.elementor-widget-image img{vertical-align:middle;display:inline-block}<\/style>\t\t\t\t\t\t\t\t\t\t<img fetchpriority=\"high\" decoding=\"async\" width=\"1024\" height=\"819\" src=\"https:\/\/decorodrones.com\/wp-content\/uploads\/2023\/04\/CEVANT-1-1024x819.jpg\" class=\"attachment-large size-large wp-image-911\" alt=\"Explotador CE-VANT autorizado por ANAC\" srcset=\"https:\/\/decorodrones.com\/wp-content\/uploads\/2023\/04\/CEVANT-1-1024x819.jpg 1024w, https:\/\/decorodrones.com\/wp-content\/uploads\/2023\/04\/CEVANT-1-300x240.jpg 300w, https:\/\/decorodrones.com\/wp-content\/uploads\/2023\/04\/CEVANT-1-768x614.jpg 768w, https:\/\/decorodrones.com\/wp-content\/uploads\/2023\/04\/CEVANT-1.jpg 1280w\" sizes=\"(max-width: 1024px) 100vw, 1024px\" \/>\t\t\t\t\t\t\t\t\t\t\t\t\t<\/div>\n\t\t\t\t<\/div>\n\t\t\t\t\t<\/div>\n\t\t<\/div>\n\t\t\t\t\t<\/div>\n\t\t<\/section>\n\t\t\t\t<\/div>\n\t\t","protected":false},"excerpt":{"rendered":"<p>DISPENSAS APROBADAS POR ANAC Como explotador de VANT\u00b4s (Veh\u00edculos A\u00e9reos no Tripulados) estamos habilitados por la ANAC (Administraci\u00f3n Nacional de Aviaci\u00f3n Civil de la Rep\u00fablica Argentina) a realizar actividades de fotograf\u00eda, inspecci\u00f3n y vigilancia con fines comerciales en el territorio nacional.&nbsp;En virtud de las capacidades del equipo, nuestro sistema de gesti\u00f3n de riesgos y procedimientos [&hellip;]<\/p>\n","protected":false},"author":1,"featured_media":0,"parent":0,"menu_order":0,"comment_status":"closed","ping_status":"closed","template":"","meta":{"om_disable_all_campaigns":false,"_monsterinsights_skip_tracking":false,"_monsterinsights_sitenote_active":false,"_monsterinsights_sitenote_note":"","_monsterinsights_sitenote_category":0,"site-sidebar-layout":"no-sidebar","site-content-layout":"page-builder","ast-site-content-layout":"default","site-content-style":"default","site-sidebar-style":"default","ast-global-header-display":"","ast-banner-title-visibility":"","ast-main-header-display":"","ast-hfb-above-header-display":"","ast-hfb-below-header-display":"","ast-hfb-mobile-header-display":"","site-post-title":"disabled","ast-breadcrumbs-content":"","ast-featured-img":"disabled","footer-sml-layout":"","ast-disable-related-posts":"","theme-transparent-header-meta":"","adv-header-id-meta":"","stick-header-meta":"","header-above-stick-meta":"","header-main-stick-meta":"","header-below-stick-meta":"","astra-migrate-meta-layouts":"default","ast-page-background-enabled":"default","ast-page-background-meta":{"desktop":{"background-color":"","background-image":"","background-repeat":"repeat","background-position":"center center","background-size":"auto","background-attachment":"scroll","background-type":"","background-media":"","overlay-type":"","overlay-color":"","overlay-opacity":"","overlay-gradient":""},"tablet":{"background-color":"","background-image":"","background-repeat":"repeat","background-position":"center center","background-size":"auto","background-attachment":"scroll","background-type":"","background-media":"","overlay-type":"","overlay-color":"","overlay-opacity":"","overlay-gradient":""},"mobile":{"background-color":"","background-image":"","background-repeat":"repeat","background-position":"center center","background-size":"auto","background-attachment":"scroll","background-type":"","background-media":"","overlay-type":"","overlay-color":"","overlay-opacity":"","overlay-gradient":""}},"ast-content-background-meta":{"desktop":{"background-color":"var(--ast-global-color-5)","background-image":"","background-repeat":"repeat","background-position":"center center","background-size":"auto","background-attachment":"scroll","background-type":"","background-media":"","overlay-type":"","overlay-color":"","overlay-opacity":"","overlay-gradient":""},"tablet":{"background-color":"var(--ast-global-color-5)","background-image":"","background-repeat":"repeat","background-position":"center center","background-size":"auto","background-attachment":"scroll","background-type":"","background-media":"","overlay-type":"","overlay-color":"","overlay-opacity":"","overlay-gradient":""},"mobile":{"background-color":"var(--ast-global-color-5)","background-image":"","background-repeat":"repeat","background-position":"center center","background-size":"auto","background-attachment":"scroll","background-type":"","background-media":"","overlay-type":"","overlay-color":"","overlay-opacity":"","overlay-gradient":""}}},"aioseo_notices":[],"_links":{"self":[{"href":"https:\/\/decorodrones.com\/index.php\/wp-json\/wp\/v2\/pages\/1781"}],"collection":[{"href":"https:\/\/decorodrones.com\/index.php\/wp-json\/wp\/v2\/pages"}],"about":[{"href":"https:\/\/decorodrones.com\/index.php\/wp-json\/wp\/v2\/types\/page"}],"author":[{"embeddable":true,"href":"https:\/\/decorodrones.com\/index.php\/wp-json\/wp\/v2\/users\/1"}],"replies":[{"embeddable":true,"href":"https:\/\/decorodrones.com\/index.php\/wp-json\/wp\/v2\/comments?post=1781"}],"version-history":[{"count":32,"href":"https:\/\/decorodrones.com\/index.php\/wp-json\/wp\/v2\/pages\/1781\/revisions"}],"predecessor-version":[{"id":2782,"href":"https:\/\/decorodrones.com\/index.php\/wp-json\/wp\/v2\/pages\/1781\/revisions\/2782"}],"wp:attachment":[{"href":"https:\/\/decorodrones.com\/index.php\/wp-json\/wp\/v2\/media?parent=1781"}],"curies":[{"name":"wp","href":"https:\/\/api.w.org\/{rel}","templated":true}]}}